{"id":3210,"date":"2021-09-09T09:32:54","date_gmt":"2021-09-09T09:32:54","guid":{"rendered":"https:\/\/www.perfectclean.es\/send-your-request\/"},"modified":"2025-07-29T17:02:54","modified_gmt":"2025-07-29T17:02:54","slug":"send-your-request","status":"publish","type":"page","link":"https:\/\/www.perfectclean.es\/en\/send-your-request\/","title":{"rendered":"Send your request"},"content":{"rendered":"\t\t<div data-elementor-type=\"wp-page\" data-elementor-id=\"3210\" class=\"elementor elementor-3210 elementor-545\">\n\t\t\t\t\t\t<section class=\"elementor-section elementor-top-section elementor-element elementor-element-57e20ae elementor-section-full_width qodef-elementor-content-grid elementor-section-height-default elementor-section-height-default\" data-id=\"57e20ae\" data-element_type=\"section\" data-e-type=\"section\" data-settings=\"{&quot;background_background&quot;:&quot;classic&quot;}\">\n\t\t\t\t\t\t<div class=\"elementor-container elementor-column-gap-default\">\n\t\t\t\t\t<div class=\"elementor-column elementor-col-100 elementor-top-column elementor-element elementor-element-b1c00d3\" data-id=\"b1c00d3\" data-element_type=\"column\" data-e-type=\"column\">\n\t\t\t<div class=\"elementor-widget-wrap elementor-element-populated\">\n\t\t\t\t\t\t<div class=\"elementor-element elementor-element-7fa43cb elementor-widget-tablet__width-inherit elementor-widget elementor-widget-qi_addons_for_elementor_section_title\" data-id=\"7fa43cb\" data-element_type=\"widget\" data-e-type=\"widget\" data-widget_type=\"qi_addons_for_elementor_section_title.default\">\n\t\t\t\t<div class=\"elementor-widget-container\">\n\t\t\t\t\t<div class=\"qodef-shortcode qodef-m qodef-qi-section-title qodef-decoration--italic qodef-link--underline-draw qodef-subtitle-icon--left\">\n\t\t\t\t\t\t<h2 class=\"qodef-m-title\">\n\t\tFill out the form\t<\/h2>\n\t\t\t<\/div>\n\t\t\t\t<\/div>\n\t\t\t\t<\/div>\n\t\t\t\t<div class=\"elementor-element elementor-element-8b67349 elementor-widget elementor-widget-qi_addons_for_elementor_contact_form_7\" data-id=\"8b67349\" data-element_type=\"widget\" data-e-type=\"widget\" data-widget_type=\"qi_addons_for_elementor_contact_form_7.default\">\n\t\t\t\t<div class=\"elementor-widget-container\">\n\t\t\t\t\t<div class=\"qodef-shortcode qodef-m qodef-qi-contact-form-7\">\n\t\n<div class=\"wpcf7 no-js\" id=\"wpcf7-f3227-o1\" lang=\"en-US\" dir=\"ltr\" data-wpcf7-id=\"3227\">\n<div class=\"screen-reader-response\"><p role=\"status\" aria-live=\"polite\" aria-atomic=\"true\"><\/p> <ul><\/ul><\/div>\n<form action=\"\/en\/wp-json\/wp\/v2\/pages\/3210#wpcf7-f3227-o1\" method=\"post\" class=\"wpcf7-form init\" aria-label=\"Contact form\" novalidate=\"novalidate\" data-status=\"init\">\n<fieldset class=\"hidden-fields-container\"><input type=\"hidden\" name=\"_wpcf7\" value=\"3227\" \/><input type=\"hidden\" name=\"_wpcf7_version\" value=\"6.1.5\" \/><input type=\"hidden\" name=\"_wpcf7_locale\" value=\"en_US\" \/><input type=\"hidden\" name=\"_wpcf7_unit_tag\" value=\"wpcf7-f3227-o1\" \/><input type=\"hidden\" name=\"_wpcf7_container_post\" value=\"0\" \/><input type=\"hidden\" name=\"_wpcf7_posted_data_hash\" value=\"\" \/>\n<\/fieldset>\n<div class=\"wpcf7-turnstile cf-turnstile\" data-sitekey=\"0x4AAAAAABoga03VlS-xJoXU\" data-response-field-name=\"_wpcf7_turnstile_response\"><\/div>\n\n<div class=\"qodef-grid qodef-layout--columns qodef-col-num--2 qodef-responsive--predefined qodef-gutter--tiny\">\n<div class=\"qodef-grid-inner clear\">\n\n<div class=\"qodef-grid-item\">\n<div style=\"position:absolute;z-index:1;right:26px;top:26px;width:15px;line-height:1;\"><svg xmlns=\"http:\/\/www.w3.org\/2000\/svg\" width=\"10\" height=\"15\" viewbox=\"0 0 10 15\" style=\"fill:#3F97AE;\">\n<path d=\"M10,12.49a1.64,1.64,0,0,1-.55,1.23,3.47,3.47,0,0,1-1.43.8,10.28,10.28,0,0,1-2,.41,8.36,8.36,0,0,1-2.12,0,10.28,10.28,0,0,1-2-.41,3.47,3.47,0,0,1-1.43-.8A1.64,1.64,0,0,1,0,12.49,6.22,6.22,0,0,1,1.5,8.31,4.5,4.5,0,0,1,5,6.55,4.5,4.5,0,0,1,8.5,8.31,6.22,6.22,0,0,1,10,12.49ZM5,5.62a3,3,0,0,1-2.11-.84,2.61,2.61,0,0,1-.89-2,2.65,2.65,0,0,1,.89-2A3,3,0,0,1,5,0,3,3,0,0,1,7.11.83a2.65,2.65,0,0,1,.89,2,2.61,2.61,0,0,1-.89,2A3,3,0,0,1,5,5.62Z\" transform=\"translate(0)\"><\/path>\n<\/svg>\n<\/div>\n<span class=\"wpcf7-form-control-wrap\"><span class=\"wpcf7-form-control-wrap\" data-name=\"your-name\"><input size=\"40\" maxlength=\"400\" class=\"wpcf7-form-control wpcf7-text wpcf7-validates-as-required\" aria-required=\"true\" aria-invalid=\"false\" placeholder=\"Name and surname*\" value=\"\" type=\"text\" name=\"your-name\" \/><\/span><\/span>\n<\/div>\n\n<div class=\"qodef-grid-item\">\n<div style=\"position:absolute;z-index:1;right:26px;top:26px;width:15px;line-height:1;\">\n<svg xmlns=\"http:\/\/www.w3.org\/2000\/svg\" width=\"15\" height=\"15\" viewbox=\"0 0 15 15\" style=\"fill:#3F97AE;\">\n<path d=\"M1,2.64A1.5,1.5,0,0,1,.5,1.54,1.5,1.5,0,0,1,1,.45,1.5,1.5,0,0,1,2.05,0,1.5,1.5,0,0,1,3.14.45L4.23,1.54,2.05,3.73ZM12.22,13.91,3.49,5.18,5.14,3.54,5.68,3l8.73,8.73L15.5,15Z\" transform=\"translate(-0.5)\"><\/path>\n<\/svg>\n<\/div>\n<span class=\"wpcf7-form-control-wrap\"><span class=\"wpcf7-form-control-wrap\" data-name=\"cargo\"><input size=\"40\" maxlength=\"400\" class=\"wpcf7-form-control wpcf7-text\" aria-invalid=\"false\" placeholder=\"Position\" value=\"\" type=\"text\" name=\"cargo\" \/><\/span> <\/span>\n\n<\/div>\n\n<\/div>\n<\/div>\n\n<div class=\"qodef-grid qodef-layout--columns qodef-col-num--2 qodef-responsive--predefined qodef-gutter--tiny\">\n<div class=\"qodef-grid-inner clear\">\n\n<div class=\"qodef-grid-item\">\n<div style=\"position:absolute;z-index:1;right:26px;top:26px;width:15px;line-height:1;\">\n<svg xmlns=\"http:\/\/www.w3.org\/2000\/svg\" width=\"13\" height=\"13\" viewbox=\"0 0 13 13\" style=\"fill:#3F97AE;\">\n<path d=\"M5.14,3.31a7.28,7.28,0,0,0-.86,1.12,2.09,2.09,0,0,0-.36.73A5.13,5.13,0,0,0,5.14,7.07,8.24,8.24,0,0,0,7.9,9.23,4.74,4.74,0,0,0,9.79,8,.47.47,0,0,1,10.2,8a4.46,4.46,0,0,1,1,.39,4.43,4.43,0,0,1,.78.48,4.12,4.12,0,0,1,.52.5c.16.18.26.3.31.37a1.52,1.52,0,0,1,.09.17.67.67,0,0,1,.06.28,4.78,4.78,0,0,1-.33,1.11,4.45,4.45,0,0,1-.43.78,3,3,0,0,1-.47.52c-.18.14-.3.24-.38.29a.65.65,0,0,1-.19.09A.27.27,0,0,1,11,13a.25.25,0,0,1-.13,0l-.36-.11c-.43-.11-.78-.21-1.07-.3s-.74-.28-1.36-.56a10.87,10.87,0,0,1-1.64-.88A17.81,17.81,0,0,1,4.75,9.79,11.68,11.68,0,0,1,3,7.9,17.93,17.93,0,0,1,1.4,5.36,21.36,21.36,0,0,1,0,2.06a1,1,0,0,1,0-.25.41.41,0,0,1,0-.18,2,2,0,0,1,.23-.36A2.65,2.65,0,0,1,.75.78,3.41,3.41,0,0,1,1.54.34,4.91,4.91,0,0,1,2.73,0,.38.38,0,0,1,3,0a1.14,1.14,0,0,1,.26.12l.51.36a4.55,4.55,0,0,1,.65.58A4.18,4.18,0,0,1,5,1.92,2.58,2.58,0,0,1,5.25,3,.4.4,0,0,1,5.14,3.31Z\"><\/path>\n<\/svg>\n<\/div>\n<span class=\"wpcf7-form-control-wrap\"><span class=\"wpcf7-form-control-wrap\" data-name=\"tel-808\"><input size=\"40\" maxlength=\"400\" class=\"wpcf7-form-control wpcf7-tel wpcf7-validates-as-required wpcf7-text wpcf7-validates-as-tel\" aria-required=\"true\" aria-invalid=\"false\" placeholder=\"Phone number*\" value=\"\" type=\"tel\" name=\"tel-808\" \/><\/span><\/span>\n<\/div>\n\n<div class=\"qodef-grid-item\">\n<div style=\"position:absolute;z-index:1;right:26px;top:26px;width:15px;line-height:1;\">\n<svg xmlns=\"http:\/\/www.w3.org\/2000\/svg\" width=\"16\" height=\"12\" viewbox=\"0 0 16 12\" style=\"fill:#3F97AE;\">\n<path d=\"M15.7.3A1,1,0,0,1,16,1V2.69L8,5.87,0,2.69V1A1,1,0,0,1,.3.3.94.94,0,0,1,1,0H15A1,1,0,0,1,15.7.3ZM8,7.5l8-3.19V11a1,1,0,0,1-1,1H1a.94.94,0,0,1-.7-.3A1,1,0,0,1,0,11V4.31Z\"><\/path>\n<\/svg>\n<\/div>\n<span class=\"wpcf7-form-control-wrap\"><span class=\"wpcf7-form-control-wrap\" data-name=\"your-email\"><input size=\"40\" maxlength=\"400\" class=\"wpcf7-form-control wpcf7-email wpcf7-validates-as-required wpcf7-text wpcf7-validates-as-email\" aria-required=\"true\" aria-invalid=\"false\" placeholder=\"Email*\" value=\"\" type=\"email\" name=\"your-email\" \/><\/span><\/span>\n<\/div>\n\n<\/div>\n<\/div>\n\n<div class=\"qodef-grid qodef-layout--columns qodef-col-num--1 qodef-responsive--predefined qodef-gutter--tiny\">\n<div class=\"qodef-grid-inner clear\">\n\n<div class=\"qodef-grid-item\">\n<div style=\"position:absolute;z-index:1;right:26px;top:26px;width:15px;height:120px;line-height:1;\">\n<svg xmlns=\"http:\/\/www.w3.org\/2000\/svg\" width=\"15\" height=\"15\" viewbox=\"0 0 15 15\" style=\"fill:#3F97AE;\">\n<path d=\"M1,2.64A1.5,1.5,0,0,1,.5,1.54,1.5,1.5,0,0,1,1,.45,1.5,1.5,0,0,1,2.05,0,1.5,1.5,0,0,1,3.14.45L4.23,1.54,2.05,3.73ZM12.22,13.91,3.49,5.18,5.14,3.54,5.68,3l8.73,8.73L15.5,15Z\" transform=\"translate(-0.5)\"><\/path>\n<\/svg><\/div>\n<span class=\"wpcf7-form-control-wrap\"><span class=\"wpcf7-form-control-wrap\" data-name=\"your-message\"><textarea cols=\"40\" rows=\"10\" maxlength=\"2000\" class=\"wpcf7-form-control wpcf7-textarea\" aria-invalid=\"false\" placeholder=\"Message\" name=\"your-message\"><\/textarea><\/span><\/span>\n<span class=\"wpcf7-form-control-wrap\" style=\"display: inline !important;\"><span class=\"wpcf7-form-control-wrap\" data-name=\"acceptance-714\"><span class=\"wpcf7-form-control wpcf7-acceptance\"><span class=\"wpcf7-list-item\"><input type=\"checkbox\" name=\"acceptance-714\" value=\"1\" aria-invalid=\"false\" \/><\/span><\/span><\/span> I read and accept <a href=\"https:\/\/www.perfectclean.es\/politica-de-privacidad\/\" target=\"_blank\">Privacy policy<\/a><\/span>\n\n<\/div>\n<\/div>\n<\/div>\n<p style=\"text-align: left;\"> <input class=\"wpcf7-form-control wpcf7-submit has-spinner qodef--hide-icon\" type=\"submit\" value=\"Send\"><span class=\"wpcf7-spinner\"><\/span> <\/p><div class=\"wpcf7-response-output\" aria-hidden=\"true\"><\/div><div class=\"wpcf7-response-output\" aria-hidden=\"true\"><\/div>\n<\/form>\n<\/div>\n<\/div>\n\t\t\t\t<\/div>\n\t\t\t\t<\/div>\n\t\t\t\t\t<\/div>\n\t\t<\/div>\n\t\t\t\t\t<\/div>\n\t\t<\/section>\n\t\t\t\t<section class=\"elementor-section elementor-top-section elementor-element elementor-element-6474d73 elementor-section-full_width qodef-elementor-content-grid elementor-section-height-default elementor-section-height-default\" data-id=\"6474d73\" data-element_type=\"section\" data-e-type=\"section\">\n\t\t\t\t\t\t<div class=\"elementor-container elementor-column-gap-default\">\n\t\t\t\t\t<div class=\"elementor-column elementor-col-50 elementor-top-column elementor-element elementor-element-48ca8f3\" data-id=\"48ca8f3\" data-element_type=\"column\" data-e-type=\"column\">\n\t\t\t<div class=\"elementor-widget-wrap elementor-element-populated\">\n\t\t\t\t\t\t<div class=\"elementor-element elementor-element-5c5c454 elementor-widget__width-initial elementor-widget elementor-widget-qi_addons_for_elementor_section_title\" data-id=\"5c5c454\" data-element_type=\"widget\" data-e-type=\"widget\" data-widget_type=\"qi_addons_for_elementor_section_title.default\">\n\t\t\t\t<div class=\"elementor-widget-container\">\n\t\t\t\t\t<div class=\"qodef-shortcode qodef-m qodef-qi-section-title qodef-decoration--italic qodef-link--underline-draw qodef-subtitle-icon--left\">\n\t\t\t\t\t\t<h4 class=\"qodef-m-title\">\n\t\tFind us here\t<\/h4>\n\t\t\t<\/div>\n\t\t\t\t<\/div>\n\t\t\t\t<\/div>\n\t\t\t\t<div class=\"elementor-element elementor-element-3527647 elementor-widget elementor-widget-qi_addons_for_elementor_section_title\" data-id=\"3527647\" data-element_type=\"widget\" data-e-type=\"widget\" data-widget_type=\"qi_addons_for_elementor_section_title.default\">\n\t\t\t\t<div class=\"elementor-widget-container\">\n\t\t\t\t\t<div class=\"qodef-shortcode qodef-m qodef-qi-section-title qodef-decoration--italic qodef-link--underline-draw qodef-subtitle-icon--left\">\n\t\t\t\t\t\t<h6 class=\"qodef-m-title\">\n\t\tAddress\t<\/h6>\n\t\t\t<div class=\"qodef-m-text\"><p><a class=\"qodef-qi-link--hover-underline\" href=\"https:\/\/maps.app.goo.gl\/sxCg5UjaL9AyxUn57\" target=\"_blank\" rel=\"noopener\">Carrer son Pieres, pol\u00edgono industrial Son Noguera 12, 07620 Mallorca - Llucmajor<\/a><\/p><\/div>\n\t<\/div>\n\t\t\t\t<\/div>\n\t\t\t\t<\/div>\n\t\t\t\t<div class=\"elementor-element elementor-element-4ac171e elementor-widget elementor-widget-spacer\" data-id=\"4ac171e\" data-element_type=\"widget\" data-e-type=\"widget\" data-widget_type=\"spacer.default\">\n\t\t\t\t<div class=\"elementor-widget-container\">\n\t\t\t\t\t\t\t<div class=\"elementor-spacer\">\n\t\t\t<div class=\"elementor-spacer-inner\"><\/div>\n\t\t<\/div>\n\t\t\t\t\t\t<\/div>\n\t\t\t\t<\/div>\n\t\t\t\t<div class=\"elementor-element elementor-element-7fbce39 elementor-widget__width-initial elementor-widget elementor-widget-qi_addons_for_elementor_section_title\" data-id=\"7fbce39\" data-element_type=\"widget\" data-e-type=\"widget\" data-widget_type=\"qi_addons_for_elementor_section_title.default\">\n\t\t\t\t<div class=\"elementor-widget-container\">\n\t\t\t\t\t<div class=\"qodef-shortcode qodef-m qodef-qi-section-title qodef-decoration--italic qodef-link--underline-draw qodef-subtitle-icon--left\">\n\t\t\t\t\t\t<h4 class=\"qodef-m-title\">\n\t\tContact us\t<\/h4>\n\t\t\t<\/div>\n\t\t\t\t<\/div>\n\t\t\t\t<\/div>\n\t\t\t\t<div class=\"elementor-element elementor-element-45f5450 elementor-widget elementor-widget-qi_addons_for_elementor_section_title\" data-id=\"45f5450\" data-element_type=\"widget\" data-e-type=\"widget\" data-widget_type=\"qi_addons_for_elementor_section_title.default\">\n\t\t\t\t<div class=\"elementor-widget-container\">\n\t\t\t\t\t<div class=\"qodef-shortcode qodef-m qodef-qi-section-title qodef-decoration--italic qodef-link--underline-draw qodef-subtitle-icon--left\">\n\t\t\t\t\t\t<h6 class=\"qodef-m-title\">\n\t\tPhone numbers\t<\/h6>\n\t\t\t<div class=\"qodef-m-text\"><a class=\"qodef-qi-link--hover-underline\" href=\"tel:%20+34637411220%20\">+34 637 411 220 <\/a> -\n<a class=\"qodef-qi-link--hover-underline\" href=\"tel:+34637411238%20\">+34 637 411 238<\/a> <\/div>\n\t<\/div>\n\t\t\t\t<\/div>\n\t\t\t\t<\/div>\n\t\t\t\t<div class=\"elementor-element elementor-element-9142655 elementor-widget elementor-widget-qi_addons_for_elementor_section_title\" data-id=\"9142655\" data-element_type=\"widget\" data-e-type=\"widget\" data-widget_type=\"qi_addons_for_elementor_section_title.default\">\n\t\t\t\t<div class=\"elementor-widget-container\">\n\t\t\t\t\t<div class=\"qodef-shortcode qodef-m qodef-qi-section-title qodef-decoration--italic qodef-link--underline-draw qodef-subtitle-icon--left\">\n\t\t\t\t\t\t<h6 class=\"qodef-m-title\">\n\t\tMail\t<\/h6>\n\t\t\t<div class=\"qodef-m-text\"><p><a class=\"qodef-qi-link--hover-underline\" href=\"mailto:info@perfectclean.es\">info@perfectclean.es  <\/a><\/p><\/div>\n\t<\/div>\n\t\t\t\t<\/div>\n\t\t\t\t<\/div>\n\t\t\t\t\t<\/div>\n\t\t<\/div>\n\t\t\t\t<div class=\"elementor-column elementor-col-50 elementor-top-column elementor-element elementor-element-fd97307\" data-id=\"fd97307\" data-element_type=\"column\" data-e-type=\"column\">\n\t\t\t<div class=\"elementor-widget-wrap elementor-element-populated\">\n\t\t\t\t\t\t<div class=\"elementor-element elementor-element-520d42b elementor-widget__width-initial elementor-widget elementor-widget-google_maps\" data-id=\"520d42b\" data-element_type=\"widget\" data-e-type=\"widget\" data-widget_type=\"google_maps.default\">\n\t\t\t\t<div class=\"elementor-widget-container\">\n\t\t\t\t\t\t\t<div class=\"elementor-custom-embed\">\n\t\t\t<iframe loading=\"lazy\"\n\t\t\t\t\tsrc=\"https:\/\/maps.google.com\/maps?q=%E2%80%AFCalle%20Son%20Pieres%2012&#038;t=m&#038;z=11&#038;output=embed&#038;iwloc=near\"\n\t\t\t\t\ttitle=\"\u202fCalle Son Pieres 12\"\n\t\t\t\t\taria-label=\"\u202fCalle Son Pieres 12\"\n\t\t\t><\/iframe>\n\t\t<\/div>\n\t\t\t\t\t\t<\/div>\n\t\t\t\t<\/div>\n\t\t\t\t\t<\/div>\n\t\t<\/div>\n\t\t\t\t\t<\/div>\n\t\t<\/section>\n\t\t\t\t<\/div>\n\t\t","protected":false},"excerpt":{"rendered":"<p>Fill out the form He le\u00eddo y acepto los T\u00e9rminos y condiciones Find us here Address Carrer son Pieres, pol\u00edgono industrial Son Noguera 12, 07620 Mallorca &#8211; Llucmajor Contact us Phone numbers +34 637 411 220 &#8211; +34 637 411 238 Mail info@perfectclean.es<\/p>\n","protected":false},"author":2,"featured_media":0,"parent":0,"menu_order":0,"comment_status":"closed","ping_status":"closed","template":"qi-full-width.php","meta":{"footnotes":""},"class_list":["post-3210","page","type-page","status-publish","hentry"],"yoast_head":"<!-- This site is optimized with the Yoast SEO plugin v27.3 - https:\/\/yoast.com\/product\/yoast-seo-wordpress\/ -->\n<title>Send your request - Perfect Clean<\/title>\n<meta name=\"robots\" content=\"index, follow, max-snippet:-1, max-image-preview:large, max-video-preview:-1\" \/>\n<link rel=\"canonical\" href=\"https:\/\/www.perfectclean.es\/en\/send-your-request\/\" \/>\n<meta property=\"og:locale\" content=\"en_US\" \/>\n<meta property=\"og:type\" content=\"article\" \/>\n<meta property=\"og:title\" content=\"Send your request - Perfect Clean\" \/>\n<meta property=\"og:description\" content=\"Fill out the form He le\u00eddo y acepto los T\u00e9rminos y condiciones Find us here Address Carrer son Pieres, pol\u00edgono industrial Son Noguera 12, 07620 Mallorca &#8211; Llucmajor Contact us Phone numbers +34 637 411 220 &#8211; +34 637 411 238 Mail info@perfectclean.es\" \/>\n<meta property=\"og:url\" content=\"https:\/\/www.perfectclean.es\/en\/send-your-request\/\" \/>\n<meta property=\"og:site_name\" content=\"Perfect Clean\" \/>\n<meta property=\"article:modified_time\" content=\"2025-07-29T17:02:54+00:00\" \/>\n<meta name=\"twitter:card\" content=\"summary_large_image\" \/>\n<script type=\"application\/ld+json\" class=\"yoast-schema-graph\">{\"@context\":\"https:\\\/\\\/schema.org\",\"@graph\":[{\"@type\":\"WebPage\",\"@id\":\"https:\\\/\\\/www.perfectclean.es\\\/en\\\/send-your-request\\\/\",\"url\":\"https:\\\/\\\/www.perfectclean.es\\\/en\\\/send-your-request\\\/\",\"name\":\"Send your request - Perfect Clean\",\"isPartOf\":{\"@id\":\"https:\\\/\\\/www.perfectclean.es\\\/#website\"},\"datePublished\":\"2021-09-09T09:32:54+00:00\",\"dateModified\":\"2025-07-29T17:02:54+00:00\",\"breadcrumb\":{\"@id\":\"https:\\\/\\\/www.perfectclean.es\\\/en\\\/send-your-request\\\/#breadcrumb\"},\"inLanguage\":\"en-US\",\"potentialAction\":[{\"@type\":\"ReadAction\",\"target\":[\"https:\\\/\\\/www.perfectclean.es\\\/en\\\/send-your-request\\\/\"]}]},{\"@type\":\"BreadcrumbList\",\"@id\":\"https:\\\/\\\/www.perfectclean.es\\\/en\\\/send-your-request\\\/#breadcrumb\",\"itemListElement\":[{\"@type\":\"ListItem\",\"position\":1,\"name\":\"Portada\",\"item\":\"https:\\\/\\\/www.perfectclean.es\\\/en\\\/home\\\/\"},{\"@type\":\"ListItem\",\"position\":2,\"name\":\"Send your request\"}]},{\"@type\":\"WebSite\",\"@id\":\"https:\\\/\\\/www.perfectclean.es\\\/#website\",\"url\":\"https:\\\/\\\/www.perfectclean.es\\\/\",\"name\":\"Perfect Clean\",\"description\":\"Perfecci\u00f3n en cada detalle\",\"publisher\":{\"@id\":\"https:\\\/\\\/www.perfectclean.es\\\/#organization\"},\"potentialAction\":[{\"@type\":\"SearchAction\",\"target\":{\"@type\":\"EntryPoint\",\"urlTemplate\":\"https:\\\/\\\/www.perfectclean.es\\\/?s={search_term_string}\"},\"query-input\":{\"@type\":\"PropertyValueSpecification\",\"valueRequired\":true,\"valueName\":\"search_term_string\"}}],\"inLanguage\":\"en-US\"},{\"@type\":\"Organization\",\"@id\":\"https:\\\/\\\/www.perfectclean.es\\\/#organization\",\"name\":\"Perfect Clean\",\"url\":\"https:\\\/\\\/www.perfectclean.es\\\/\",\"logo\":{\"@type\":\"ImageObject\",\"inLanguage\":\"en-US\",\"@id\":\"https:\\\/\\\/www.perfectclean.es\\\/#\\\/schema\\\/logo\\\/image\\\/\",\"url\":\"https:\\\/\\\/www.perfectclean.es\\\/wp-content\\\/uploads\\\/2026\\\/01\\\/Logo-PERFECT-CLEAN-horizontal.jpg\",\"contentUrl\":\"https:\\\/\\\/www.perfectclean.es\\\/wp-content\\\/uploads\\\/2026\\\/01\\\/Logo-PERFECT-CLEAN-horizontal.jpg\",\"width\":2150,\"height\":711,\"caption\":\"Perfect Clean\"},\"image\":{\"@id\":\"https:\\\/\\\/www.perfectclean.es\\\/#\\\/schema\\\/logo\\\/image\\\/\"},\"sameAs\":[\"https:\\\/\\\/www.linkedin.com\\\/company\\\/perfect-clean-2025\\\/\"]}]}<\/script>\n<!-- \/ Yoast SEO plugin. -->","yoast_head_json":{"title":"Send your request - Perfect Clean","robots":{"index":"index","follow":"follow","max-snippet":"max-snippet:-1","max-image-preview":"max-image-preview:large","max-video-preview":"max-video-preview:-1"},"canonical":"https:\/\/www.perfectclean.es\/en\/send-your-request\/","og_locale":"en_US","og_type":"article","og_title":"Send your request - Perfect Clean","og_description":"Fill out the form He le\u00eddo y acepto los T\u00e9rminos y condiciones Find us here Address Carrer son Pieres, pol\u00edgono industrial Son Noguera 12, 07620 Mallorca &#8211; Llucmajor Contact us Phone numbers +34 637 411 220 &#8211; +34 637 411 238 Mail info@perfectclean.es","og_url":"https:\/\/www.perfectclean.es\/en\/send-your-request\/","og_site_name":"Perfect Clean","article_modified_time":"2025-07-29T17:02:54+00:00","twitter_card":"summary_large_image","schema":{"@context":"https:\/\/schema.org","@graph":[{"@type":"WebPage","@id":"https:\/\/www.perfectclean.es\/en\/send-your-request\/","url":"https:\/\/www.perfectclean.es\/en\/send-your-request\/","name":"Send your request - Perfect Clean","isPartOf":{"@id":"https:\/\/www.perfectclean.es\/#website"},"datePublished":"2021-09-09T09:32:54+00:00","dateModified":"2025-07-29T17:02:54+00:00","breadcrumb":{"@id":"https:\/\/www.perfectclean.es\/en\/send-your-request\/#breadcrumb"},"inLanguage":"en-US","potentialAction":[{"@type":"ReadAction","target":["https:\/\/www.perfectclean.es\/en\/send-your-request\/"]}]},{"@type":"BreadcrumbList","@id":"https:\/\/www.perfectclean.es\/en\/send-your-request\/#breadcrumb","itemListElement":[{"@type":"ListItem","position":1,"name":"Portada","item":"https:\/\/www.perfectclean.es\/en\/home\/"},{"@type":"ListItem","position":2,"name":"Send your request"}]},{"@type":"WebSite","@id":"https:\/\/www.perfectclean.es\/#website","url":"https:\/\/www.perfectclean.es\/","name":"Perfect Clean","description":"Perfecci\u00f3n en cada detalle","publisher":{"@id":"https:\/\/www.perfectclean.es\/#organization"},"potentialAction":[{"@type":"SearchAction","target":{"@type":"EntryPoint","urlTemplate":"https:\/\/www.perfectclean.es\/?s={search_term_string}"},"query-input":{"@type":"PropertyValueSpecification","valueRequired":true,"valueName":"search_term_string"}}],"inLanguage":"en-US"},{"@type":"Organization","@id":"https:\/\/www.perfectclean.es\/#organization","name":"Perfect Clean","url":"https:\/\/www.perfectclean.es\/","logo":{"@type":"ImageObject","inLanguage":"en-US","@id":"https:\/\/www.perfectclean.es\/#\/schema\/logo\/image\/","url":"https:\/\/www.perfectclean.es\/wp-content\/uploads\/2026\/01\/Logo-PERFECT-CLEAN-horizontal.jpg","contentUrl":"https:\/\/www.perfectclean.es\/wp-content\/uploads\/2026\/01\/Logo-PERFECT-CLEAN-horizontal.jpg","width":2150,"height":711,"caption":"Perfect Clean"},"image":{"@id":"https:\/\/www.perfectclean.es\/#\/schema\/logo\/image\/"},"sameAs":["https:\/\/www.linkedin.com\/company\/perfect-clean-2025\/"]}]}},"_links":{"self":[{"href":"https:\/\/www.perfectclean.es\/en\/wp-json\/wp\/v2\/pages\/3210","targetHints":{"allow":["GET"]}}],"collection":[{"href":"https:\/\/www.perfectclean.es\/en\/wp-json\/wp\/v2\/pages"}],"about":[{"href":"https:\/\/www.perfectclean.es\/en\/wp-json\/wp\/v2\/types\/page"}],"author":[{"embeddable":true,"href":"https:\/\/www.perfectclean.es\/en\/wp-json\/wp\/v2\/users\/2"}],"replies":[{"embeddable":true,"href":"https:\/\/www.perfectclean.es\/en\/wp-json\/wp\/v2\/comments?post=3210"}],"version-history":[{"count":2,"href":"https:\/\/www.perfectclean.es\/en\/wp-json\/wp\/v2\/pages\/3210\/revisions"}],"predecessor-version":[{"id":3212,"href":"https:\/\/www.perfectclean.es\/en\/wp-json\/wp\/v2\/pages\/3210\/revisions\/3212"}],"wp:attachment":[{"href":"https:\/\/www.perfectclean.es\/en\/wp-json\/wp\/v2\/media?parent=3210"}],"curies":[{"name":"wp","href":"https:\/\/api.w.org\/{rel}","templated":true}]}}